{"id":165,"date":"2018-07-16T11:00:11","date_gmt":"2018-07-16T09:00:11","guid":{"rendered":"http:\/\/wp11.ipk.fraunhofer.de\/?page_id=165"},"modified":"2025-01-13T10:09:46","modified_gmt":"2025-01-13T09:09:46","slug":"geschaeftsprozessoptimierung-mit-kosten-und-leistungserfassung","status":"publish","type":"page","link":"https:\/\/moogo.ipk.fraunhofer.de\/?page_id=165","title":{"rendered":"Gesch\u00e4ftsproze\u00dfoptimierung mit Kosten- und Leistungserfassung"},"content":{"rendered":"<p>Im Dienstleistungsbereich ist die Kosten- und Leistungstransparenz eine wesentliche Voraussetzung f\u00fcr Optimierungsma\u00dfnahmen und damit f\u00fcr die Kostensenkung und Qualit\u00e4tserh\u00f6hung. Von entscheidender Wichtigkeit ist dabei die Betrachtung der Prozesse des Leistungserbringers. Die Beschreibung der Prozesse bildet die Ausgangsbasis f\u00fcr Analysen und Optimierungsma\u00dfnahmen sowie f\u00fcr eine proze\u00dfbezogene Kosten- und Leistungsrechnung.<\/p>\n","protected":false},"excerpt":{"rendered":"<p>Im Dienstleistungsbereich ist die Kosten- und Leistungstransparenz eine wesentliche Voraussetzung f\u00fcr Optimierungsma\u00dfnahmen und damit f\u00fcr die Kostensenkung und Qualit\u00e4tserh\u00f6hung. Von entscheidender Wichtigkeit ist dabei die Betrachtung der Prozesse des Leistungserbringers. Die Beschreibung der Prozesse bildet die Ausgangsbasis f\u00fcr Analysen und&#8230;<\/p>\n","protected":false},"author":1,"featured_media":0,"parent":141,"menu_order":0,"comment_status":"closed","ping_status":"closed","template":"","meta":[],"coauthors":[2],"_links":{"self":[{"href":"https:\/\/moogo.ipk.fraunhofer.de\/index.php?rest_route=\/wp\/v2\/pages\/165"}],"collection":[{"href":"https:\/\/moogo.ipk.fraunhofer.de\/index.php?rest_route=\/wp\/v2\/pages"}],"about":[{"href":"https:\/\/moogo.ipk.fraunhofer.de\/index.php?rest_route=\/wp\/v2\/types\/page"}],"author":[{"embeddable":true,"href":"https:\/\/moogo.ipk.fraunhofer.de\/index.php?rest_route=\/wp\/v2\/users\/1"}],"replies":[{"embeddable":true,"href":"https:\/\/moogo.ipk.fraunhofer.de\/index.php?rest_route=%2Fwp%2Fv2%2Fcomments&post=165"}],"version-history":[{"count":2,"href":"https:\/\/moogo.ipk.fraunhofer.de\/index.php?rest_route=\/wp\/v2\/pages\/165\/revisions"}],"predecessor-version":[{"id":310,"href":"https:\/\/moogo.ipk.fraunhofer.de\/index.php?rest_route=\/wp\/v2\/pages\/165\/revisions\/310"}],"up":[{"embeddable":true,"href":"https:\/\/moogo.ipk.fraunhofer.de\/index.php?rest_route=\/wp\/v2\/pages\/141"}],"wp:attachment":[{"href":"https:\/\/moogo.ipk.fraunhofer.de\/index.php?rest_route=%2Fwp%2Fv2%2Fmedia&parent=165"}],"wp:term":[{"taxonomy":"author","embeddable":true,"href":"https:\/\/moogo.ipk.fraunhofer.de\/index.php?rest_route=%2Fwp%2Fv2%2Fcoauthors&post=165"}],"curies":[{"name":"wp","href":"https:\/\/api.w.org\/{rel}","templated":true}]}}