{"id":159,"date":"2018-07-16T10:55:03","date_gmt":"2018-07-16T08:55:03","guid":{"rendered":"http:\/\/wp11.ipk.fraunhofer.de\/?page_id=159"},"modified":"2025-01-13T10:12:30","modified_gmt":"2025-01-13T09:12:30","slug":"optimierung-der-kriminalitaetsbekaempfung-im-polizeipraesidium-dortmund","status":"publish","type":"page","link":"https:\/\/moogo.ipk.fraunhofer.de\/?page_id=159","title":{"rendered":"Optimierung der Kriminalit\u00e4tsbek\u00e4mpfung im Polizeipr\u00e4sidium Dortmund"},"content":{"rendered":"<p>Die polizeiliche Organisation wird bisher unterschieden in Pr\u00e4vention und Repression. Eine systematische Sichtweise auf die gesamten Strukturen der Kriminalit\u00e4tsbek\u00e4mpfung ist jedoch notwendig, um die Auswirkungen von \u00c4nderungen im Prozess- und Organisationsbereich sicher beherrschen zu k\u00f6nnen.<\/p>\n","protected":false},"excerpt":{"rendered":"<p>Die polizeiliche Organisation wird bisher unterschieden in Pr\u00e4vention und Repression. Eine systematische Sichtweise auf die gesamten Strukturen der Kriminalit\u00e4tsbek\u00e4mpfung ist jedoch notwendig, um die Auswirkungen von \u00c4nderungen im Prozess- und Organisationsbereich sicher beherrschen zu k\u00f6nnen.<\/p>\n","protected":false},"author":1,"featured_media":0,"parent":141,"menu_order":0,"comment_status":"closed","ping_status":"closed","template":"","meta":[],"coauthors":[2],"_links":{"self":[{"href":"https:\/\/moogo.ipk.fraunhofer.de\/index.php?rest_route=\/wp\/v2\/pages\/159"}],"collection":[{"href":"https:\/\/moogo.ipk.fraunhofer.de\/index.php?rest_route=\/wp\/v2\/pages"}],"about":[{"href":"https:\/\/moogo.ipk.fraunhofer.de\/index.php?rest_route=\/wp\/v2\/types\/page"}],"author":[{"embeddable":true,"href":"https:\/\/moogo.ipk.fraunhofer.de\/index.php?rest_route=\/wp\/v2\/users\/1"}],"replies":[{"embeddable":true,"href":"https:\/\/moogo.ipk.fraunhofer.de\/index.php?rest_route=%2Fwp%2Fv2%2Fcomments&post=159"}],"version-history":[{"count":2,"href":"https:\/\/moogo.ipk.fraunhofer.de\/index.php?rest_route=\/wp\/v2\/pages\/159\/revisions"}],"predecessor-version":[{"id":313,"href":"https:\/\/moogo.ipk.fraunhofer.de\/index.php?rest_route=\/wp\/v2\/pages\/159\/revisions\/313"}],"up":[{"embeddable":true,"href":"https:\/\/moogo.ipk.fraunhofer.de\/index.php?rest_route=\/wp\/v2\/pages\/141"}],"wp:attachment":[{"href":"https:\/\/moogo.ipk.fraunhofer.de\/index.php?rest_route=%2Fwp%2Fv2%2Fmedia&parent=159"}],"wp:term":[{"taxonomy":"author","embeddable":true,"href":"https:\/\/moogo.ipk.fraunhofer.de\/index.php?rest_route=%2Fwp%2Fv2%2Fcoauthors&post=159"}],"curies":[{"name":"wp","href":"https:\/\/api.w.org\/{rel}","templated":true}]}}