{"id":127,"date":"2018-07-16T10:22:26","date_gmt":"2018-07-16T08:22:26","guid":{"rendered":"http:\/\/wp11.ipk.fraunhofer.de\/?page_id=127"},"modified":"2018-07-16T10:22:26","modified_gmt":"2018-07-16T08:22:26","slug":"publications-1997","status":"publish","type":"page","link":"https:\/\/moogo.ipk.fraunhofer.de\/?page_id=127","title":{"rendered":"Publications 1997"},"content":{"rendered":"<p>Mertins, K.; Schwermer, M.; J\u00e4kel, F.-W.: Confidence in a network of co-operating companies. Goossenaerts, J. ; Kimura, F. ; Wortmann, H. ; International Federation for Information Processing -IFIP-, Working Group 5.3 Computer Aided Manufacturing ; International Federation for Information Processing -IFIP-, Working Group 5.7 Computer Aided Production Management : Information infrastructure systems for manufacturing. Proceedings of the IFIP TC5\/WG5.3\/WG5.7 International Conference on the Design of Information Infrastructure Systems for Manufacturing. London : Chapman and Hall, 1997, ISBN 0-412-78800-4, S.3.1-3.12<\/p>\n<p>T\u00fcnschel, L.; Jochem, R.; J\u00e4kel, F.-W.: Organisationshandbuch f\u00fcr das Gesch\u00e4ftsproze\u00dfmanagement. Zeitschrift f\u00fcr wirtschaftlichen Fabrikbetrieb : ZWF 92 (1997), Nr.7-8, S.338-341, ISSN 0947-0085<\/p>\n<p>Mertins, K.; Jochem, R.; J\u00e4kel, F.-W.: A tool for object-oriented modelling and analysis of business processes. Computers in industry (1997), ISSN 0166-3615<\/p>\n<p>Mertins, K.; Jochem, R.; J\u00e4kel, F.-W.: Integrated business, process modelling, analysis and supporting tools. Doumeingts, G. ; International Federation for Information Processing -IFIP-, Working Group 5.7 Computer Aided Production Management : Modelling techniques for business process, re-engineering and benchmarking. London : Chapman and Hall, 1997, S.61-70<\/p>\n","protected":false},"excerpt":{"rendered":"<p>Mertins, K.; Schwermer, M.; J\u00e4kel, F.-W.: Confidence in a network of co-operating companies. Goossenaerts, J. ; Kimura, F. ; Wortmann, H. ; International Federation for Information Processing -IFIP-, Working Group 5.3 Computer Aided Manufacturing ; International Federation for Information Processing&#8230;<\/p>\n","protected":false},"author":1,"featured_media":0,"parent":86,"menu_order":0,"comment_status":"closed","ping_status":"closed","template":"","meta":[],"coauthors":[2],"_links":{"self":[{"href":"https:\/\/moogo.ipk.fraunhofer.de\/index.php?rest_route=\/wp\/v2\/pages\/127"}],"collection":[{"href":"https:\/\/moogo.ipk.fraunhofer.de\/index.php?rest_route=\/wp\/v2\/pages"}],"about":[{"href":"https:\/\/moogo.ipk.fraunhofer.de\/index.php?rest_route=\/wp\/v2\/types\/page"}],"author":[{"embeddable":true,"href":"https:\/\/moogo.ipk.fraunhofer.de\/index.php?rest_route=\/wp\/v2\/users\/1"}],"replies":[{"embeddable":true,"href":"https:\/\/moogo.ipk.fraunhofer.de\/index.php?rest_route=%2Fwp%2Fv2%2Fcomments&post=127"}],"version-history":[{"count":1,"href":"https:\/\/moogo.ipk.fraunhofer.de\/index.php?rest_route=\/wp\/v2\/pages\/127\/revisions"}],"predecessor-version":[{"id":128,"href":"https:\/\/moogo.ipk.fraunhofer.de\/index.php?rest_route=\/wp\/v2\/pages\/127\/revisions\/128"}],"up":[{"embeddable":true,"href":"https:\/\/moogo.ipk.fraunhofer.de\/index.php?rest_route=\/wp\/v2\/pages\/86"}],"wp:attachment":[{"href":"https:\/\/moogo.ipk.fraunhofer.de\/index.php?rest_route=%2Fwp%2Fv2%2Fmedia&parent=127"}],"wp:term":[{"taxonomy":"author","embeddable":true,"href":"https:\/\/moogo.ipk.fraunhofer.de\/index.php?rest_route=%2Fwp%2Fv2%2Fcoauthors&post=127"}],"curies":[{"name":"wp","href":"https:\/\/api.w.org\/{rel}","templated":true}]}}