{"id":125,"date":"2018-07-16T10:21:51","date_gmt":"2018-07-16T08:21:51","guid":{"rendered":"http:\/\/wp11.ipk.fraunhofer.de\/?page_id=125"},"modified":"2018-07-16T10:21:51","modified_gmt":"2018-07-16T08:21:51","slug":"publications-1998","status":"publish","type":"page","link":"https:\/\/moogo.ipk.fraunhofer.de\/?page_id=125","title":{"rendered":"Publications 1998"},"content":{"rendered":"<p>Wenzel, K. ; Mertins, K.; T\u00fcnschel, L.; Jochem, R.; Jaekel, F.W.: Ver\u00e4nderungsmanagement im Statistischen Landesamt. Ausrichtung der Gesch\u00e4ftsprozesse auf Kunden- und Kostenverantwortung. Zeitschrift f\u00fcr wirtschaftlichen Fabrikbetrieb : ZWF 93 (1998), Nr.12, S.615-619, ISSN 0947-0085.<\/p>\n<p>Bernus, P. ; Mertins, K. ; Schmidt, G.: Handbook on architectures of information systems, Berlin : Springer, 1998, (International handbook on information systems) ISBN 3-540-64453-9, S.589-600.<\/p>\n<p>Schwermer, M.: Modellierungsvorgehen zur Planung von Gesch\u00e4ftsprozessen. Berichte aus dem Produktionstechnischen Zentrum Berlin, Hrsg.: Fraunhofer-Institut f\u00fcr Produktionsanlagen und Konstruktionstechnik IPK, Berlin; TU Berlin, Institut f\u00fcr Werkzeugmaschinen und Fabrikbetrieb -IWF- 1998, 156 S., 54 Abb.; kart., ISBN 3-8167-5163-6 | Fraunhofer IRB Verlag<br \/>\n<b>Vorgehensweise zur Modellierung mit IUM und MO\u00b2GO.<\/b><\/p>\n","protected":false},"excerpt":{"rendered":"<p>Wenzel, K. ; Mertins, K.; T\u00fcnschel, L.; Jochem, R.; Jaekel, F.W.: Ver\u00e4nderungsmanagement im Statistischen Landesamt. Ausrichtung der Gesch\u00e4ftsprozesse auf Kunden- und Kostenverantwortung. Zeitschrift f\u00fcr wirtschaftlichen Fabrikbetrieb : ZWF 93 (1998), Nr.12, S.615-619, ISSN 0947-0085. Bernus, P. ; Mertins, K. ;&#8230;<\/p>\n","protected":false},"author":1,"featured_media":0,"parent":86,"menu_order":0,"comment_status":"closed","ping_status":"closed","template":"","meta":[],"coauthors":[2],"_links":{"self":[{"href":"https:\/\/moogo.ipk.fraunhofer.de\/index.php?rest_route=\/wp\/v2\/pages\/125"}],"collection":[{"href":"https:\/\/moogo.ipk.fraunhofer.de\/index.php?rest_route=\/wp\/v2\/pages"}],"about":[{"href":"https:\/\/moogo.ipk.fraunhofer.de\/index.php?rest_route=\/wp\/v2\/types\/page"}],"author":[{"embeddable":true,"href":"https:\/\/moogo.ipk.fraunhofer.de\/index.php?rest_route=\/wp\/v2\/users\/1"}],"replies":[{"embeddable":true,"href":"https:\/\/moogo.ipk.fraunhofer.de\/index.php?rest_route=%2Fwp%2Fv2%2Fcomments&post=125"}],"version-history":[{"count":1,"href":"https:\/\/moogo.ipk.fraunhofer.de\/index.php?rest_route=\/wp\/v2\/pages\/125\/revisions"}],"predecessor-version":[{"id":126,"href":"https:\/\/moogo.ipk.fraunhofer.de\/index.php?rest_route=\/wp\/v2\/pages\/125\/revisions\/126"}],"up":[{"embeddable":true,"href":"https:\/\/moogo.ipk.fraunhofer.de\/index.php?rest_route=\/wp\/v2\/pages\/86"}],"wp:attachment":[{"href":"https:\/\/moogo.ipk.fraunhofer.de\/index.php?rest_route=%2Fwp%2Fv2%2Fmedia&parent=125"}],"wp:term":[{"taxonomy":"author","embeddable":true,"href":"https:\/\/moogo.ipk.fraunhofer.de\/index.php?rest_route=%2Fwp%2Fv2%2Fcoauthors&post=125"}],"curies":[{"name":"wp","href":"https:\/\/api.w.org\/{rel}","templated":true}]}}